{"id":121,"date":"2012-10-25T18:28:38","date_gmt":"2012-10-25T16:28:38","guid":{"rendered":"http:\/\/blogeri.gelender.hr\/mo\/?page_id=121"},"modified":"2012-10-26T10:16:16","modified_gmt":"2012-10-26T08:16:16","slug":"himna","status":"publish","type":"page","link":"https:\/\/blogeri.gelender.hr\/mo\/himna\/","title":{"rendered":"Himna"},"content":{"rendered":"<p style=\"text-align: center\">Kreni sa mnom<br \/>\nZadnji put<br \/>\nVjeruj mi<br \/>\n<strong>Daleko od mraka<\/strong><br \/>\n<strong>Bolje \u0107emo znati<\/strong><br \/>\n<strong>Ni\u0161ta nije te\u0161ko<\/strong><\/p>\n<p style=\"text-align: center\">Na\u0161a lica,<br \/>\nJo\u0161 su lijepa<br \/>\nZatvori mi o\u010di<br \/>\nNeka kraj nas jure<br \/>\nNek se lome prsti<br \/>\nIdemo na ples<br \/>\nI svijet je opet mlad<\/p>\n<p style=\"text-align: center\">I samo \u0161uti<br \/>\nGdje su bile rije\u010di<br \/>\nKad nije bilo nade za nas<br \/>\n<strong>Samo dugi dani\u00a0<\/strong><br \/>\n<strong>Nestali u tami<\/strong><br \/>\n<strong>Gdje ni\u0161ta nije va\u017eno<\/strong><\/p>\n<p style=\"text-align: center\">Ra\u0161iri ruke<br \/>\nRuke su ti sna\u017ene<br \/>\n<strong>Upri iz sve snage<\/strong><br \/>\n<strong>Nek se cijedi znoj<\/strong><br \/>\nNek ko\u017ea pukne, mi<br \/>\nIdemo na ples i svijet je opet mlad.<\/p>\n<p style=\"text-align: center\">I na\u0161a lica,<br \/>\nJo\u0161 su lijepa<br \/>\nZatvori mi o\u010di<br \/>\nNeka kraj nas jure<br \/>\nNek se lome prsti<br \/>\nIdemo na ples<br \/>\nI svijet je opet mlad<\/p>\n<p style=\"text-align: center\">Ra\u0161iri ruke<br \/>\nRuke su ti sna\u017ene<br \/>\n<strong>Upri iz sve snage<\/strong><br \/>\nNek se cijedi znoj<br \/>\nNek ko\u017ea pukne, mi<br \/>\nIdemo na ples i svijet je opet mlad.<\/p>\n<p style=\"text-align: center\"><strong>Udahni zrak<\/strong><br \/>\n<strong>Koji dolazi<\/strong><br \/>\n<strong>Sve je gotovo<\/strong><br \/>\n<strong>I mi smo spa\u0161eni<\/strong><\/p>\n<p style=\"text-align: center\">I na\u0161a lica,<br \/>\nJo\u0161 su lijepa<br \/>\nZatvori mi o\u010di<br \/>\nNeka kraj nas jure<br \/>\nNek se lome prsti<br \/>\nIdemo na ples<br \/>\nI svijet je opet mlad<\/p>\n<p><iframe loading=\"lazy\" title=\"Svadbas -Treblebass.\" width=\"584\" height=\"438\" src=\"https:\/\/www.youtube.com\/embed\/xWYMS77ojJU?feature=oembed\" frameborder=\"0\" allow=\"accelerometer; autoplay; clipboard-write; encrypted-media; gyroscope; picture-in-picture; web-share\" referrerpolicy=\"strict-origin-when-cross-origin\" allowfullscreen><\/iframe><\/p>\n<p>&nbsp;<\/p>\n","protected":false},"excerpt":{"rendered":"<p>Kreni sa mnom Zadnji put Vjeruj mi Daleko od mraka Bolje \u0107emo znati Ni\u0161ta nije te\u0161ko Na\u0161a lica, Jo\u0161 su lijepa Zatvori mi o\u010di Neka kraj nas jure Nek se lome prsti Idemo na ples I svijet je opet mlad &hellip; <a href=\"https:\/\/blogeri.gelender.hr\/mo\/himna\/\">Continue reading <span class=\"meta-nav\">&rarr;<\/span><\/a><\/p>\n","protected":false},"author":11,"featured_media":0,"parent":0,"menu_order":0,"comment_status":"open","ping_status":"open","template":"","meta":{"footnotes":""},"class_list":["post-121","page","type-page","status-publish","hentry"],"_links":{"self":[{"href":"https:\/\/blogeri.gelender.hr\/mo\/wp-json\/wp\/v2\/pages\/121","targetHints":{"allow":["GET"]}}],"collection":[{"href":"https:\/\/blogeri.gelender.hr\/mo\/wp-json\/wp\/v2\/pages"}],"about":[{"href":"https:\/\/blogeri.gelender.hr\/mo\/wp-json\/wp\/v2\/types\/page"}],"author":[{"embeddable":true,"href":"https:\/\/blogeri.gelender.hr\/mo\/wp-json\/wp\/v2\/users\/11"}],"replies":[{"embeddable":true,"href":"https:\/\/blogeri.gelender.hr\/mo\/wp-json\/wp\/v2\/comments?post=121"}],"version-history":[{"count":19,"href":"https:\/\/blogeri.gelender.hr\/mo\/wp-json\/wp\/v2\/pages\/121\/revisions"}],"predecessor-version":[{"id":174,"href":"https:\/\/blogeri.gelender.hr\/mo\/wp-json\/wp\/v2\/pages\/121\/revisions\/174"}],"wp:attachment":[{"href":"https:\/\/blogeri.gelender.hr\/mo\/wp-json\/wp\/v2\/media?parent=121"}],"curies":[{"name":"wp","href":"https:\/\/api.w.org\/{rel}","templated":true}]}}