{"id":2,"date":"2012-10-16T07:39:24","date_gmt":"2012-10-16T07:39:24","guid":{"rendered":"http:\/\/blogeri.gelender.hr\/mo\/?page_id=2"},"modified":"2018-01-25T14:28:47","modified_gmt":"2018-01-25T13:28:47","slug":"uvod","status":"publish","type":"page","link":"https:\/\/blogeri.gelender.hr\/mo\/uvod\/","title":{"rendered":"Uvod"},"content":{"rendered":"<p><span style=\"color: #ff6600\">18.10.2012.<\/span><\/p>\n<p>Jedna od boljih stvari u \u017eivotu mi je bila otkriti mrak! Iako to mo\u017ee biti \u010dudno za osobu koja se bavi fotografijom te joj je glavna fascinacija u tome &#8211; svjetlo, otkriti mrak bilo je gotovo jednako dobro.<\/p>\n<p>S otkrivanjem mraka rasplinula se zimska depresija, oslabila je zimska \u010de\u017enja za dnevnim svjetlom, pojavile su se izohipse, jutra su postala jo\u0161 bolja te je Sljeme dobilo nove stope van staza.<br \/>\nHrpetinu genijalnih stvari je proiza\u0161lo iz mraka. Mrak kombinacija, jutarnja <a title=\"De\u017eurni krivac ;)\" href=\"http:\/\/gelender.hr\/\" target=\"_blank\">gelender<\/a> liga, Notjni mini treninzi&#8230; Oja\u010dana tim treninzima (kroz se rije\u0161io i problem s koljenom), probala sam i treking. Pa i <a title=\"OK Kapela\" href=\"http:\/\/www.ok-kapela.hr\/\" target=\"_blank\">orijentacijsku \u0161kolu<\/a>\u00a0&#8211; tamo\u00a0sam se dodatno navukla na kartu i kompas, ali sam sku\u017eila da se taj sport zove orijentacijsko tr\u010danje. Tr\u010danje mi nije bilo ba\u0161 posebno drago, no tijekom \u0161kole tr\u010danja (bok, <a title=\"AK Sljeme\" href=\"http:\/\/www.aksljeme.com\/\" target=\"_blank\">Janko<\/a>, kaj ima?) sam sku\u017eila da nije da ne volim tr\u010danje, samo ne volim cestu. Volim \u0161umu, kompas, sunce i mrak.. i gelender.<\/p>\n<p>I sad sam tu&#8230;<\/p>\n<div id=\"attachment_93\" style=\"width: 343px\" class=\"wp-caption alignnone\"><a href=\"http:\/\/blogeri.gelender.hr\/mo\/sample-page\/gmrakmony\/\" rel=\"attachment wp-att-93\"><img loading=\"lazy\" decoding=\"async\" aria-describedby=\"caption-attachment-93\" class=\"size-medium wp-image-93 \" src=\"http:\/\/blogeri.gelender.hr\/mo\/files\/2012\/10\/GMrakMony-333x500.jpg\" alt=\"It's not that simple.\" width=\"333\" height=\"500\" srcset=\"https:\/\/blogeri.gelender.hr\/mo\/files\/2012\/10\/GMrakMony-333x500.jpg 333w, https:\/\/blogeri.gelender.hr\/mo\/files\/2012\/10\/GMrakMony-200x300.jpg 200w, https:\/\/blogeri.gelender.hr\/mo\/files\/2012\/10\/GMrakMony.jpg 480w\" sizes=\"auto, (max-width: 333px) 100vw, 333px\" \/><\/a><p id=\"caption-attachment-93\" class=\"wp-caption-text\">Is it either dark of light?<\/p><\/div>\n<p>&#8220;And the dealer wants you thinking<br \/>\nThat it\u2019s either <em>dark<\/em> or <em>light<\/em>.<br \/>\nThank <a title=\"koja je to dobra rije\u010d na G ?\" href=\"http:\/\/gelender.hr\/\">G<\/a> it\u2019s not that simple&#8230;&#8221;<\/p>\n<p>&nbsp;<\/p>\n<p><strong><span style=\"color: #ff6600\">25.1.2018.<\/span><\/strong><\/p>\n<p><span style=\"color: #808080\"><strong>Svatko se igra u Mraku na vlastitu odgovornost.<\/strong><\/span><\/p>\n<p><a href=\"http:\/\/blogeri.gelender.hr\/mo\/files\/2018\/01\/BlogCover-Mrak.png\"><img loading=\"lazy\" decoding=\"async\" class=\"aligncenter size-medium wp-image-576\" src=\"http:\/\/blogeri.gelender.hr\/mo\/files\/2018\/01\/BlogCover-Mrak-500x144.png\" alt=\"BlogCover Mrak\" width=\"500\" height=\"144\" srcset=\"https:\/\/blogeri.gelender.hr\/mo\/files\/2018\/01\/BlogCover-Mrak-500x144.png 500w, https:\/\/blogeri.gelender.hr\/mo\/files\/2018\/01\/BlogCover-Mrak.png 1000w\" sizes=\"auto, (max-width: 500px) 100vw, 500px\" \/><\/a><\/p>\n<p>Cijela komba se promijenila otkad su uvedene 2 \u017eenske lige.<br \/>\nSvidjela mi se igra rije\u010dima\/zvu\u010denja.<br \/>\nSvi smo mi tamo u nekom svojem Mraku.<br \/>\nJednina.<br \/>\n(a opet se igramo zajedno).<br \/>\nSuper je da postoje gps zapisi s tih bauljanja, i super je da ne postoje transkripti onog\u00a0\u0161to mi prolazi glavom tad.<br \/>\nZapravo mi je najbolje kad je to samo moj Mrak, kad izbacim sve druge cure iz glave, kad ne razmi\u0161ljam ni o jednoj.<br \/>\nZajedno smo na startu, u cilju, i u rezama,\u00a0u <strong>ligama<\/strong>&#8230; <span style=\"color: #ff0000\">Ladies&#8217; night out.<\/span><br \/>\nAli na stazi&#8230;<br \/>\n<strong><span style=\"color: #ff0000\">Lady&#8217;s night out.<\/span><\/strong><\/p>\n","protected":false},"excerpt":{"rendered":"<p>18.10.2012. Jedna od boljih stvari u \u017eivotu mi je bila otkriti mrak! Iako to mo\u017ee biti \u010dudno za osobu koja se bavi fotografijom te joj je glavna fascinacija u tome &#8211; svjetlo, otkriti mrak bilo je gotovo jednako dobro. S &hellip; <a href=\"https:\/\/blogeri.gelender.hr\/mo\/uvod\/\">Continue reading <span class=\"meta-nav\">&rarr;<\/span><\/a><\/p>\n","protected":false},"author":11,"featured_media":0,"parent":0,"menu_order":0,"comment_status":"open","ping_status":"open","template":"","meta":{"footnotes":""},"class_list":["post-2","page","type-page","status-publish","hentry"],"_links":{"self":[{"href":"https:\/\/blogeri.gelender.hr\/mo\/wp-json\/wp\/v2\/pages\/2","targetHints":{"allow":["GET"]}}],"collection":[{"href":"https:\/\/blogeri.gelender.hr\/mo\/wp-json\/wp\/v2\/pages"}],"about":[{"href":"https:\/\/blogeri.gelender.hr\/mo\/wp-json\/wp\/v2\/types\/page"}],"author":[{"embeddable":true,"href":"https:\/\/blogeri.gelender.hr\/mo\/wp-json\/wp\/v2\/users\/11"}],"replies":[{"embeddable":true,"href":"https:\/\/blogeri.gelender.hr\/mo\/wp-json\/wp\/v2\/comments?post=2"}],"version-history":[{"count":28,"href":"https:\/\/blogeri.gelender.hr\/mo\/wp-json\/wp\/v2\/pages\/2\/revisions"}],"predecessor-version":[{"id":579,"href":"https:\/\/blogeri.gelender.hr\/mo\/wp-json\/wp\/v2\/pages\/2\/revisions\/579"}],"wp:attachment":[{"href":"https:\/\/blogeri.gelender.hr\/mo\/wp-json\/wp\/v2\/media?parent=2"}],"curies":[{"name":"wp","href":"https:\/\/api.w.org\/{rel}","templated":true}]}}