{"id":240,"date":"2018-02-17T08:46:04","date_gmt":"2018-02-17T08:46:04","guid":{"rendered":"http:\/\/blogeri.gelender.hr\/ze100ko\/?page_id=240"},"modified":"2021-04-22T07:48:12","modified_gmt":"2021-04-22T07:48:12","slug":"ze100ko-v","status":"publish","type":"page","link":"https:\/\/blogeri.gelender.hr\/ze100ko\/ze100ko-v\/","title":{"rendered":"\u017de100ko 5"},"content":{"rendered":"<p>7\/10\/2017.<br \/>\nStart 00:01h<br \/>\nDU\u017dINA 95km, oko 4000+<\/p>\n<p>Trasa (stress-free certifikat obnovljen!): Vugrin\u0161\u010dak \/ Hamor \/ Slani dol- Dragono\u0161 \/ Jaru\u0161je \/ \u0160imraki raskr\u0161\u0107e \/ Mrzlo Polje \u017dumbera\u010dko \/ Gornja Vas \/ Je\u010dmi\u0161te (mrak) \/ Plije\u0161 \/ Sveta Gera \/ Boi\u0107i \/ So\u0161ice \/ slap Sopot \/ Je\u010dmi\u0161te (dan) \/ Kalje \/ Draganov mlin \/ makadam \/ Pe\u0107no \/ Ze\u010dak \/ Dragono\u0161 \/ \u0160oi\u0107eva ku\u0107a \/ vrh O\u0161trc \/ Veliki dol \/ Pala\u010dnik \/ Vugrin\u0161\u010dak.<\/p>\n<p>Odr\u017eano bez ljudi.<\/p>\n","protected":false},"excerpt":{"rendered":"<p>7\/10\/2017. Start 00:01h DU\u017dINA 95km, oko 4000+ Trasa (stress-free certifikat obnovljen!): Vugrin\u0161\u010dak \/ Hamor \/ Slani dol- Dragono\u0161 \/ Jaru\u0161je \/ \u0160imraki raskr\u0161\u0107e \/ Mrzlo Polje \u017dumbera\u010dko \/ Gornja Vas \/ Je\u010dmi\u0161te (mrak) \/ Plije\u0161 \/ Sveta Gera \/ Boi\u0107i &hellip; <a class=\"more-link\" href=\"https:\/\/blogeri.gelender.hr\/ze100ko\/ze100ko-v\/\">Continue reading <span class=\"meta-nav\">&rarr;<\/span><\/a><\/p>\n","protected":false},"author":13,"featured_media":0,"parent":0,"menu_order":0,"comment_status":"closed","ping_status":"closed","template":"","meta":{"footnotes":""},"class_list":["post-240","page","type-page","status-publish","hentry"],"_links":{"self":[{"href":"https:\/\/blogeri.gelender.hr\/ze100ko\/wp-json\/wp\/v2\/pages\/240","targetHints":{"allow":["GET"]}}],"collection":[{"href":"https:\/\/blogeri.gelender.hr\/ze100ko\/wp-json\/wp\/v2\/pages"}],"about":[{"href":"https:\/\/blogeri.gelender.hr\/ze100ko\/wp-json\/wp\/v2\/types\/page"}],"author":[{"embeddable":true,"href":"https:\/\/blogeri.gelender.hr\/ze100ko\/wp-json\/wp\/v2\/users\/13"}],"replies":[{"embeddable":true,"href":"https:\/\/blogeri.gelender.hr\/ze100ko\/wp-json\/wp\/v2\/comments?post=240"}],"version-history":[{"count":4,"href":"https:\/\/blogeri.gelender.hr\/ze100ko\/wp-json\/wp\/v2\/pages\/240\/revisions"}],"predecessor-version":[{"id":355,"href":"https:\/\/blogeri.gelender.hr\/ze100ko\/wp-json\/wp\/v2\/pages\/240\/revisions\/355"}],"wp:attachment":[{"href":"https:\/\/blogeri.gelender.hr\/ze100ko\/wp-json\/wp\/v2\/media?parent=240"}],"curies":[{"name":"wp","href":"https:\/\/api.w.org\/{rel}","templated":true}]}}