{"id":348,"date":"2021-04-22T07:45:48","date_gmt":"2021-04-22T07:45:48","guid":{"rendered":"http:\/\/blogeri.gelender.hr\/ze100ko\/?page_id=348"},"modified":"2022-09-27T12:41:16","modified_gmt":"2022-09-27T12:41:16","slug":"ze100ko-ix","status":"publish","type":"page","link":"https:\/\/blogeri.gelender.hr\/ze100ko\/ze100ko-ix\/","title":{"rendered":"\u017de100ko 9"},"content":{"rendered":"\n<p> Trasa (stress-free certifikat obnovljen): Vugrin\u0161\u010dak \/ Hamor \/ Slani dol- Dragono\u0161 \/ Jaru\u0161je \/ \u0160imraki raskr\u0161\u0107e \/ Mrzlo Polje \u017dumbera\u010dko \/ Gornja Vas \/ Je\u010dmi\u0161te \/ Plije\u0161 \/ Sveta Gera \/ Boi\u0107i \/ So\u0161ice \/ slap Sopot \/ Je\u010dmi\u0161te \/ Kalje \/ Draganov mlin \/ Slap Brisalo \/ Pe\u0107no \/ Ze\u010dak \/ Dragono\u0161 \/ \u0160oi\u0107eva ku\u0107a \/ vrh O\u0161trc \/ Veliki dol \/ Pala\u010dnik \/ Vugrin\u0161\u010dak. <\/p>\n\n\n<p><!--StartFragment--><\/p>\n\n\n<p>Luka I\u0161tuk 14:49:36<br>Stjepan Radi\u0107 14:51:00<br>Ivan Mu\u010dnjak 15:17:35<br>Matej Ivan\u010di\u0107 15:17:35<br>Vedran Sablji\u0107 15:17:35<br>Stanislav Bergant 15:51:35<br>Mario \u010celikovi\u0107 15:53:30<br>Kristijan Dolenac 16:07:20<br><strong>Adrijana \u0160imi\u0107 16:41:28&nbsp;<\/strong><br>Zoran Kurdija 16:41:28<br>Ivan Slukan 16:41:28<br>Marko Curi 16:41:28<br>Branko Dobrani\u0107 17:42:00<br>Mario Tepe\u0161 19:59:29<br>Vladimir Dra\u017een Dobri\u0107 20:02:00<br>Martin Re\u0161etar 20:02:00<br>Dario Dizdar 22:02:00<br>Ninoslav Mrkus 22:02:00<\/p>\n\n\n\n<p>Matko Vici\u0107 \u2013 do Slapa Sopot<br>\u017divko Gr\u010di\u0107 \u2013 do So\u0161ica<br>Robert Bernat IUM<br>Stjepan Pluto Jandre\u010di\u0107 IUM<\/p>\n\n\n<p><!--EndFragment--><\/p>\n\n\n<p><\/p>\n","protected":false},"excerpt":{"rendered":"<p>Trasa (stress-free certifikat obnovljen): Vugrin\u0161\u010dak \/ Hamor \/ Slani dol- Dragono\u0161 \/ Jaru\u0161je \/ \u0160imraki raskr\u0161\u0107e \/ Mrzlo Polje \u017dumbera\u010dko \/ Gornja Vas \/ Je\u010dmi\u0161te \/ Plije\u0161 \/ Sveta Gera \/ Boi\u0107i \/ So\u0161ice \/ slap Sopot \/ Je\u010dmi\u0161te \/ &hellip; <a class=\"more-link\" href=\"https:\/\/blogeri.gelender.hr\/ze100ko\/ze100ko-ix\/\">Continue reading <span class=\"meta-nav\">&rarr;<\/span><\/a><\/p>\n","protected":false},"author":13,"featured_media":0,"parent":0,"menu_order":0,"comment_status":"closed","ping_status":"closed","template":"","meta":{"footnotes":""},"class_list":["post-348","page","type-page","status-publish","hentry"],"_links":{"self":[{"href":"https:\/\/blogeri.gelender.hr\/ze100ko\/wp-json\/wp\/v2\/pages\/348","targetHints":{"allow":["GET"]}}],"collection":[{"href":"https:\/\/blogeri.gelender.hr\/ze100ko\/wp-json\/wp\/v2\/pages"}],"about":[{"href":"https:\/\/blogeri.gelender.hr\/ze100ko\/wp-json\/wp\/v2\/types\/page"}],"author":[{"embeddable":true,"href":"https:\/\/blogeri.gelender.hr\/ze100ko\/wp-json\/wp\/v2\/users\/13"}],"replies":[{"embeddable":true,"href":"https:\/\/blogeri.gelender.hr\/ze100ko\/wp-json\/wp\/v2\/comments?post=348"}],"version-history":[{"count":6,"href":"https:\/\/blogeri.gelender.hr\/ze100ko\/wp-json\/wp\/v2\/pages\/348\/revisions"}],"predecessor-version":[{"id":374,"href":"https:\/\/blogeri.gelender.hr\/ze100ko\/wp-json\/wp\/v2\/pages\/348\/revisions\/374"}],"wp:attachment":[{"href":"https:\/\/blogeri.gelender.hr\/ze100ko\/wp-json\/wp\/v2\/media?parent=348"}],"curies":[{"name":"wp","href":"https:\/\/api.w.org\/{rel}","templated":true}]}}