{"id":42,"date":"2014-12-25T10:18:01","date_gmt":"2014-12-25T10:18:01","guid":{"rendered":"http:\/\/blogeri.gelender.hr\/ze100ko\/?page_id=42"},"modified":"2022-09-27T13:28:46","modified_gmt":"2022-09-27T13:28:46","slug":"zumberacki-pravac","status":"publish","type":"page","link":"https:\/\/blogeri.gelender.hr\/ze100ko\/zumberacki-pravac\/","title":{"rendered":"\u017dumbera\u010dki pravac"},"content":{"rendered":"<p class=\"western\" align=\"JUSTIFY\">\u017dUMBERA\u010cKI PRAVAC: JARU\u0160JE-DOBRA VODA-\u0160IMRAKI-GORNJA VAS-JE\u010cMI\u0160TE-PLIJE\u0160-SVETA GERA<\/p>\n<p class=\"western\" align=\"JUSTIFY\">\u0160imraki: 6 stanovnika 2001., 9 stanovnika 2011.<\/p>\n<p class=\"western\" align=\"JUSTIFY\">Strm uspon koji po\u010dinje skakanjem preko potoka. Tamo si oko 3 ujutro kada si pun energije i cijeli svijet ti je pod nogama. Mo\u017ee i umornih stopala negdje kasno popodne.<\/p>\n<p class=\"western\" align=\"JUSTIFY\">Jednako je tiho u sve dijelove dana i no\u0107i.<\/p>\n<p class=\"western\" align=\"JUSTIFY\">Opora, varljiva i nezgodna magla vu\u010de te sa staze koju su pro\u0161ao mnogo puta.<\/p>\n<p class=\"western\" align=\"JUSTIFY\">Mjesto gdje se gubi pojam o vremenu. Svi dani su isti. Mjesto za satori.<\/p>\n<p class=\"western\" align=\"JUSTIFY\">Lave\u017e psa u sjeni grkokatoli\u010dke crkve. Nato\u010di vodu u Gri\u010du. Hodanje hrptom iznad Plije\u0161a, zurenje u livade oko Je\u010dmi\u0161ta.<\/p>\n<p class=\"western\" align=\"JUSTIFY\">Daleko od agresije informacija i frontalnog napada na osjetila. Nema poja\u010davanja fotografija ni kompjuterski generiranih boja koje na zaslonima telefona i ra\u010dunala prikazuju stvari umjetnima (jer onima oko tebe zalazak sunca ili dan u zimskoj anticikloni onakvi kakvi jesu o\u010dito nisu dovoljno privla\u010dni).<\/p>\n<p class=\"western\" align=\"JUSTIFY\">Nema eufori\u010dnih ushita, instant u\u017eivanja u povr\u0161nom, turisti\u010dkih atrakcija za prvolopta\u0161ke uzvike odu\u0161evljenja ni napadnog izra\u017eavanja emocija.<\/p>\n<p class=\"western\" align=\"JUSTIFY\">Ovdje odbacuje\u0161 prtljagu koju si ina\u010de prisiljen nositi. Ovo nisu lokacije za ekstati\u010dno pretjerivanje nego za spokoj. Repeticija, mir. Odbaci misao.<\/p>\n<p class=\"western\" align=\"JUSTIFY\"><a name=\"_GoBack\"><\/a>Budi smiren.<\/p>\n<p class=\"western\" align=\"JUSTIFY\">Na \u017dumberak se odlazi sam ili s ljudima koje poznaje\u0161.<\/p>\n","protected":false},"excerpt":{"rendered":"<p>\u017dUMBERA\u010cKI PRAVAC: JARU\u0160JE-DOBRA VODA-\u0160IMRAKI-GORNJA VAS-JE\u010cMI\u0160TE-PLIJE\u0160-SVETA GERA \u0160imraki: 6 stanovnika 2001., 9 stanovnika 2011. Strm uspon koji po\u010dinje skakanjem preko potoka. Tamo si oko 3 ujutro kada si pun energije i cijeli svijet ti je pod nogama. Mo\u017ee i umornih stopala &hellip; <a class=\"more-link\" href=\"https:\/\/blogeri.gelender.hr\/ze100ko\/zumberacki-pravac\/\">Continue reading <span class=\"meta-nav\">&rarr;<\/span><\/a><\/p>\n","protected":false},"author":13,"featured_media":0,"parent":0,"menu_order":2,"comment_status":"closed","ping_status":"closed","template":"","meta":{"footnotes":""},"class_list":["post-42","page","type-page","status-publish","hentry"],"_links":{"self":[{"href":"https:\/\/blogeri.gelender.hr\/ze100ko\/wp-json\/wp\/v2\/pages\/42","targetHints":{"allow":["GET"]}}],"collection":[{"href":"https:\/\/blogeri.gelender.hr\/ze100ko\/wp-json\/wp\/v2\/pages"}],"about":[{"href":"https:\/\/blogeri.gelender.hr\/ze100ko\/wp-json\/wp\/v2\/types\/page"}],"author":[{"embeddable":true,"href":"https:\/\/blogeri.gelender.hr\/ze100ko\/wp-json\/wp\/v2\/users\/13"}],"replies":[{"embeddable":true,"href":"https:\/\/blogeri.gelender.hr\/ze100ko\/wp-json\/wp\/v2\/comments?post=42"}],"version-history":[{"count":1,"href":"https:\/\/blogeri.gelender.hr\/ze100ko\/wp-json\/wp\/v2\/pages\/42\/revisions"}],"predecessor-version":[{"id":43,"href":"https:\/\/blogeri.gelender.hr\/ze100ko\/wp-json\/wp\/v2\/pages\/42\/revisions\/43"}],"wp:attachment":[{"href":"https:\/\/blogeri.gelender.hr\/ze100ko\/wp-json\/wp\/v2\/media?parent=42"}],"curies":[{"name":"wp","href":"https:\/\/api.w.org\/{rel}","templated":true}]}}