{"id":48,"date":"2014-12-25T10:32:01","date_gmt":"2014-12-25T10:32:01","guid":{"rendered":"http:\/\/blogeri.gelender.hr\/ze100ko\/?page_id=48"},"modified":"2021-04-22T07:47:16","modified_gmt":"2021-04-22T07:47:16","slug":"ze100ko-1","status":"publish","type":"page","link":"https:\/\/blogeri.gelender.hr\/ze100ko\/ze100ko-1\/","title":{"rendered":"\u017de100ko 1"},"content":{"rendered":"<p>31\/3\/2012<br \/>\nStart 04:00h<br \/>\n<strong>DU\u017dINA:<\/strong> 105km \/ oko 5000+<\/p>\n<p><strong>STAZA: <\/strong>Samobor &#8211; Vugrin\u0161\u010dak \/ Pala\u010dnik \/ \u0160oi\u0107eva ku\u0107a \/ Jaru\u0161je \/ \u0160imraki \/ Gornja Vas \/ Je\u010dmi\u0161te \/ Vodice \/ Plije\u0161 \/ Sveta Gera \/ So\u0161ice&nbsp; \/ Keki\u0107 Draga \/ Toma\u0161evci \/ Grgeti\u0107i \/ Kalje \/ Brisalo &#8211; kroz kanjon \/ Ze\u010dak &#8211; pa preko Dragono\u0161a do Japeti\u0107a \/ Japeti\u0107 \/ Poljanice \/ Plje\u0161ivica \/ Oki\u0107 \/ Samobor &#8211; Vugrin\u0161\u010dak<\/p>\n<p><strong>LINE UP:<\/strong><\/p>\n<p><strong>Finisheri<\/strong><br \/>\nMukki 16h 34min<br \/>\nPand\u017ea 19h 06min<br \/>\nFerro 19h 50min<br \/>\nReno 19h 50min<br \/>\nSablja 19h 50min<br \/>\nPe\u0107o 20h 47min<\/p>\n<p>Bez Ze\u010daka: Filipi\u0107 22h 13min<br \/>\nDo Brisala: Krunoslav Mik\u0161i\u0107 18h 20min<br \/>\nDo Hartja: Turkalj, Ivsha, \u0160imunko, Hrvoje Bari\u0107 19h 20min<\/p>\n<p><strong>Volonteri:<\/strong> Iris Bostjan\u010di\u0107 &amp; Maja Petrli\u0107<br \/>\nSlap Sopot \/ hrana: Jasna Radi\u0107 (So\u0161ice)<\/p>\n<p><strong>MTB sekcija \/ kontra smjer:<\/strong><\/p>\n<p><strong>1. grupa:<\/strong> Vedran Berkovi\u0107, Igor Doroti\u0107, Damir \u0106uri\u0107, Luka Lon\u010darec<\/p>\n<p><strong>2. grupa:<\/strong> Tomislav Jakopovi\u0107, Aljo\u0161a Parotat (East Side Crew &#8211; Dubrava)<br \/>\nT.J. &#8220;Svaka \u010dast svim uklju\u010denim u organizaciju.<br \/>\nPari i ja skratili krug kod Sopota. Ostavili smo Geru slovencima. Ru\u010dak na sopotu je bio vrhunac dana. Svaki je pojeo 3 kile svinje u svim mogu\u0107im oblicima. Natukli smo 100 km.<br \/>\nPari je vrtio krugove oko konzuma dok se na cajgeru nije pokazala stotka, to je volja.<br \/>\nSvaka \u010dast, svima ! Pogotovo trka\u0107ima!&#8221;<\/p>\n<p><strong>3. grupa:<\/strong> Marko Ore\u0161kovi\u0107, Tea \u0110urek, Dubravko Sever, Mirjana Kolac<br \/>\nChicar: &#8220;Ju\u010der je bilo jebenica. \u010cestitke mukkiju kaj tih 100 i kusur kilometara i 5-6 tisu\u0107a razvalio ko beba zve\u010dku. Jest da u cilju ba\u0161 nije bio skroz nomalan ali nije ni \u010dudo. Svaka \u010dast i onima kaj su stizali u cilj po no\u0107i jer sam mislil na sve vas, dok sam se vozil doma u toplom autu s pol kile mesa u \u017eelucu i 4 fine pivice u guzici. U svakom slu\u010daju bravo svima kaj su se usudili do\u0107i i zavr\u0161iti ovak nekaj. Mi(tea, sever, mirjana i ja) smo malo skratili ali smo natukli 90+ km i 3soma+ visinske.&#8221;<\/p>\n<p><strong>&nbsp;<\/strong><\/p>\n<p>&nbsp;<\/p>\n","protected":false},"excerpt":{"rendered":"<p>31\/3\/2012 Start 04:00h DU\u017dINA: 105km \/ oko 5000+ STAZA: Samobor &#8211; Vugrin\u0161\u010dak \/ Pala\u010dnik \/ \u0160oi\u0107eva ku\u0107a \/ Jaru\u0161je \/ \u0160imraki \/ Gornja Vas \/ Je\u010dmi\u0161te \/ Vodice \/ Plije\u0161 \/ Sveta Gera \/ So\u0161ice&nbsp; \/ Keki\u0107 Draga \/ Toma\u0161evci &hellip; <a class=\"more-link\" href=\"https:\/\/blogeri.gelender.hr\/ze100ko\/ze100ko-1\/\">Continue reading <span class=\"meta-nav\">&rarr;<\/span><\/a><\/p>\n","protected":false},"author":13,"featured_media":0,"parent":0,"menu_order":0,"comment_status":"closed","ping_status":"closed","template":"","meta":{"footnotes":""},"class_list":["post-48","page","type-page","status-publish","hentry"],"_links":{"self":[{"href":"https:\/\/blogeri.gelender.hr\/ze100ko\/wp-json\/wp\/v2\/pages\/48","targetHints":{"allow":["GET"]}}],"collection":[{"href":"https:\/\/blogeri.gelender.hr\/ze100ko\/wp-json\/wp\/v2\/pages"}],"about":[{"href":"https:\/\/blogeri.gelender.hr\/ze100ko\/wp-json\/wp\/v2\/types\/page"}],"author":[{"embeddable":true,"href":"https:\/\/blogeri.gelender.hr\/ze100ko\/wp-json\/wp\/v2\/users\/13"}],"replies":[{"embeddable":true,"href":"https:\/\/blogeri.gelender.hr\/ze100ko\/wp-json\/wp\/v2\/comments?post=48"}],"version-history":[{"count":15,"href":"https:\/\/blogeri.gelender.hr\/ze100ko\/wp-json\/wp\/v2\/pages\/48\/revisions"}],"predecessor-version":[{"id":351,"href":"https:\/\/blogeri.gelender.hr\/ze100ko\/wp-json\/wp\/v2\/pages\/48\/revisions\/351"}],"wp:attachment":[{"href":"https:\/\/blogeri.gelender.hr\/ze100ko\/wp-json\/wp\/v2\/media?parent=48"}],"curies":[{"name":"wp","href":"https:\/\/api.w.org\/{rel}","templated":true}]}}